{"id":66,"date":"2023-03-30T13:05:30","date_gmt":"2023-03-30T11:05:30","guid":{"rendered":"https:\/\/fierdetrecommissaire.com\/?page_id=66"},"modified":"2023-07-28T17:27:33","modified_gmt":"2023-07-28T15:27:33","slug":"accessoires","status":"publish","type":"page","link":"https:\/\/fierdetrecommissaire.com\/index.php\/accessoires\/","title":{"rendered":"CLUBS &#038; ORGANISATEURS"},"content":{"rendered":"\t\t<div data-elementor-type=\"wp-page\" data-elementor-id=\"66\" class=\"elementor elementor-66\">\n\t\t\t\t\t\t<section class=\"elementor-section elementor-top-section elementor-element elementor-element-32e6279 elementor-section-full_width elementor-section-height-default elementor-section-height-default\" data-id=\"32e6279\" data-element_type=\"section\" data-e-type=\"section\" data-settings=\"{&quot;background_background&quot;:&quot;classic&quot;}\">\n\t\t\t\t\t\t<div class=\"elementor-container elementor-column-gap-default\">\n\t\t\t\t\t<div class=\"elementor-column elementor-col-100 elementor-top-column elementor-element elementor-element-da5e2da\" data-id=\"da5e2da\" data-element_type=\"column\" data-e-type=\"column\">\n\t\t\t<div class=\"elementor-widget-wrap elementor-element-populated\">\n\t\t\t\t\t\t<div class=\"elementor-element elementor-element-adaa3db elementor-widget elementor-widget-image\" data-id=\"adaa3db\" data-element_type=\"widget\" data-e-type=\"widget\" data-widget_type=\"image.default\">\n\t\t\t\t<div class=\"elementor-widget-container\">\n\t\t\t\t\t\t\t\t\t\t\t\t\t\t\t<img fetchpriority=\"high\" decoding=\"async\" width=\"800\" height=\"381\" src=\"https:\/\/fierdetrecommissaire.com\/wp-content\/uploads\/2023\/07\/TEAM-AFFICHEZ-VOUS-1024x488.jpg\" class=\"attachment-large size-large wp-image-650\" alt=\"\" srcset=\"https:\/\/fierdetrecommissaire.com\/wp-content\/uploads\/2023\/07\/TEAM-AFFICHEZ-VOUS-1024x488.jpg 1024w, https:\/\/fierdetrecommissaire.com\/wp-content\/uploads\/2023\/07\/TEAM-AFFICHEZ-VOUS-300x143.jpg 300w, https:\/\/fierdetrecommissaire.com\/wp-content\/uploads\/2023\/07\/TEAM-AFFICHEZ-VOUS-768x366.jpg 768w, https:\/\/fierdetrecommissaire.com\/wp-content\/uploads\/2023\/07\/TEAM-AFFICHEZ-VOUS-1536x731.jpg 1536w, https:\/\/fierdetrecommissaire.com\/wp-content\/uploads\/2023\/07\/TEAM-AFFICHEZ-VOUS-2048x975.jpg 2048w\" sizes=\"(max-width: 800px) 100vw, 800px\" \/>\t\t\t\t\t\t\t\t\t\t\t\t\t\t\t<\/div>\n\t\t\t\t<\/div>\n\t\t\t\t<div class=\"elementor-element elementor-element-8b65f0c elementor-widget elementor-widget-text-editor\" data-id=\"8b65f0c\" data-element_type=\"widget\" data-e-type=\"widget\" data-widget_type=\"text-editor.default\">\n\t\t\t\t<div class=\"elementor-widget-container\">\n\t\t\t\t\t\t\t\t\t<p>La team Desn\u00e9 est la premi\u00e8re team a avoir fait confiance a FIER D&rsquo;ETRE COMMISSAIRE pour arborer ses couleurs!<\/p><p><u>MERCI A EUX !<\/u><\/p>\t\t\t\t\t\t\t\t<\/div>\n\t\t\t\t<\/div>\n\t\t\t\t\t<\/div>\n\t\t<\/div>\n\t\t\t\t\t<\/div>\n\t\t<\/section>\n\t\t\t\t<section class=\"elementor-section elementor-top-section elementor-element elementor-element-2c5bcbc elementor-section-full_width elementor-section-height-default elementor-section-height-default\" data-id=\"2c5bcbc\" data-element_type=\"section\" data-e-type=\"section\" data-settings=\"{&quot;background_background&quot;:&quot;classic&quot;}\">\n\t\t\t\t\t\t<div class=\"elementor-container elementor-column-gap-default\">\n\t\t\t\t\t<div class=\"elementor-column elementor-col-100 elementor-top-column elementor-element elementor-element-162bcb9\" data-id=\"162bcb9\" data-element_type=\"column\" data-e-type=\"column\">\n\t\t\t<div class=\"elementor-widget-wrap elementor-element-populated\">\n\t\t\t\t\t\t<div class=\"elementor-element elementor-element-899bb96 elementor-widget elementor-widget-image\" data-id=\"899bb96\" data-element_type=\"widget\" data-e-type=\"widget\" data-widget_type=\"image.default\">\n\t\t\t\t<div class=\"elementor-widget-container\">\n\t\t\t\t\t\t\t\t\t\t\t\t\t\t\t<img decoding=\"async\" width=\"800\" height=\"381\" src=\"https:\/\/fierdetrecommissaire.com\/wp-content\/uploads\/2023\/07\/Borel-site-2023-CommMoi-1-1024x488.jpg\" class=\"attachment-large size-large wp-image-654\" alt=\"\" srcset=\"https:\/\/fierdetrecommissaire.com\/wp-content\/uploads\/2023\/07\/Borel-site-2023-CommMoi-1-1024x488.jpg 1024w, https:\/\/fierdetrecommissaire.com\/wp-content\/uploads\/2023\/07\/Borel-site-2023-CommMoi-1-300x143.jpg 300w, https:\/\/fierdetrecommissaire.com\/wp-content\/uploads\/2023\/07\/Borel-site-2023-CommMoi-1-768x366.jpg 768w, https:\/\/fierdetrecommissaire.com\/wp-content\/uploads\/2023\/07\/Borel-site-2023-CommMoi-1-1536x731.jpg 1536w, https:\/\/fierdetrecommissaire.com\/wp-content\/uploads\/2023\/07\/Borel-site-2023-CommMoi-1-2048x975.jpg 2048w\" sizes=\"(max-width: 800px) 100vw, 800px\" \/>\t\t\t\t\t\t\t\t\t\t\t\t\t\t\t<\/div>\n\t\t\t\t<\/div>\n\t\t\t\t<div class=\"elementor-element elementor-element-7ae8e3c elementor-widget elementor-widget-text-editor\" data-id=\"7ae8e3c\" data-element_type=\"widget\" data-e-type=\"widget\" data-widget_type=\"text-editor.default\">\n\t\t\t\t<div class=\"elementor-widget-container\">\n\t\t\t\t\t\t\t\t\t<p>Un \u00e9norme clin d&rsquo;\u0153il \u00e0 Sylvain Borel&nbsp;<\/p><p>COMMISSAIRE DE PISTE et aussi PILOTE&nbsp;<\/p><p>Un homme qui connait les deux cot\u00e9s de la piste et qui SAIT ET PREND SOIN de faire tampon entre les pilotes et les commissaires et leurs actions !<\/p><p>Merci a lui d&rsquo;arborer nos couleurs sur sa voiture cette saison!<\/p>\t\t\t\t\t\t\t\t<\/div>\n\t\t\t\t<\/div>\n\t\t\t\t\t<\/div>\n\t\t<\/div>\n\t\t\t\t\t<\/div>\n\t\t<\/section>\n\t\t\t\t<section class=\"elementor-section elementor-top-section elementor-element elementor-element-8db781d elementor-section-full_width elementor-section-height-default elementor-section-height-default\" data-id=\"8db781d\" data-element_type=\"section\" data-e-type=\"section\" data-settings=\"{&quot;background_background&quot;:&quot;classic&quot;}\">\n\t\t\t\t\t\t<div class=\"elementor-container elementor-column-gap-default\">\n\t\t\t\t\t<div class=\"elementor-column elementor-col-100 elementor-top-column elementor-element elementor-element-539e5ed\" data-id=\"539e5ed\" data-element_type=\"column\" data-e-type=\"column\">\n\t\t\t<div class=\"elementor-widget-wrap elementor-element-populated\">\n\t\t\t\t\t\t<div class=\"elementor-element elementor-element-2adb55e elementor-widget elementor-widget-image\" data-id=\"2adb55e\" data-element_type=\"widget\" data-e-type=\"widget\" data-widget_type=\"image.default\">\n\t\t\t\t<div class=\"elementor-widget-container\">\n\t\t\t\t\t\t\t\t\t\t\t\t\t\t\t<img decoding=\"async\" width=\"800\" height=\"381\" src=\"https:\/\/fierdetrecommissaire.com\/wp-content\/uploads\/2023\/07\/NEVERS-site-2023-CommMoi-1024x488.jpg\" class=\"attachment-large size-large wp-image-649\" alt=\"\" srcset=\"https:\/\/fierdetrecommissaire.com\/wp-content\/uploads\/2023\/07\/NEVERS-site-2023-CommMoi-1024x488.jpg 1024w, https:\/\/fierdetrecommissaire.com\/wp-content\/uploads\/2023\/07\/NEVERS-site-2023-CommMoi-300x143.jpg 300w, https:\/\/fierdetrecommissaire.com\/wp-content\/uploads\/2023\/07\/NEVERS-site-2023-CommMoi-768x366.jpg 768w, https:\/\/fierdetrecommissaire.com\/wp-content\/uploads\/2023\/07\/NEVERS-site-2023-CommMoi-1536x731.jpg 1536w, https:\/\/fierdetrecommissaire.com\/wp-content\/uploads\/2023\/07\/NEVERS-site-2023-CommMoi-2048x975.jpg 2048w\" sizes=\"(max-width: 800px) 100vw, 800px\" \/>\t\t\t\t\t\t\t\t\t\t\t\t\t\t\t<\/div>\n\t\t\t\t<\/div>\n\t\t\t\t<div class=\"elementor-element elementor-element-3aed848 elementor-widget elementor-widget-text-editor\" data-id=\"3aed848\" data-element_type=\"widget\" data-e-type=\"widget\" data-widget_type=\"text-editor.default\">\n\t\t\t\t<div class=\"elementor-widget-container\">\n\t\t\t\t\t\t\t\t\t<p>Le moto club de Nevers a choisi FIER D&rsquo;ETRE COMMISSAIRE pour c\u00e9l\u00e9brer son CENTENAIRE<\/p>\n<p>R\u00e9alisation de tee-shirts, casquettes, \u00e9cussons brod\u00e9s, et gobelets &#8230;&nbsp;<\/p><p>Et BIEN ENTENDU LES COMBINAISONS&nbsp;<\/p>\n<p><u>VOUS AUSSI R\u00c9COMPENSEZ VOS B\u00c9N\u00c9VOLES ET AFFICHEZ VOS COULEURS PARTOUT<\/u><\/p>\t\t\t\t\t\t\t\t<\/div>\n\t\t\t\t<\/div>\n\t\t\t\t\t<\/div>\n\t\t<\/div>\n\t\t\t\t\t<\/div>\n\t\t<\/section>\n\t\t\t\t<section class=\"elementor-section elementor-top-section elementor-element elementor-element-509ff98 elementor-section-boxed elementor-section-height-default elementor-section-height-default\" data-id=\"509ff98\" data-element_type=\"section\" data-e-type=\"section\">\n\t\t\t\t\t\t<div class=\"elementor-container elementor-column-gap-default\">\n\t\t\t\t\t<div class=\"elementor-column elementor-col-100 elementor-top-column elementor-element elementor-element-ed0f7f1\" data-id=\"ed0f7f1\" data-element_type=\"column\" data-e-type=\"column\">\n\t\t\t<div class=\"elementor-widget-wrap\">\n\t\t\t\t\t\t\t<\/div>\n\t\t<\/div>\n\t\t\t\t\t<\/div>\n\t\t<\/section>\n\t\t\t\t<\/div>\n\t\t","protected":false},"excerpt":{"rendered":"<p>La team Desn\u00e9 est la premi\u00e8re team a avoir fait confiance a FIER D&rsquo;ETRE COMMISSAIRE pour arborer ses couleurs! MERCI A EUX ! Un \u00e9norme clin d&rsquo;\u0153il \u00e0 Sylvain Borel&nbsp; COMMISSAIRE DE PISTE et aussi PILOTE&nbsp; Un homme qui connait les deux cot\u00e9s de la piste et qui SAIT ET PREND SOIN de faire tampon [&hellip;]<\/p>\n","protected":false},"author":1,"featured_media":0,"parent":0,"menu_order":0,"comment_status":"closed","ping_status":"closed","template":"elementor_header_footer","meta":{"footnotes":""},"class_list":["post-66","page","type-page","status-publish","hentry"],"_links":{"self":[{"href":"https:\/\/fierdetrecommissaire.com\/index.php\/wp-json\/wp\/v2\/pages\/66","targetHints":{"allow":["GET"]}}],"collection":[{"href":"https:\/\/fierdetrecommissaire.com\/index.php\/wp-json\/wp\/v2\/pages"}],"about":[{"href":"https:\/\/fierdetrecommissaire.com\/index.php\/wp-json\/wp\/v2\/types\/page"}],"author":[{"embeddable":true,"href":"https:\/\/fierdetrecommissaire.com\/index.php\/wp-json\/wp\/v2\/users\/1"}],"replies":[{"embeddable":true,"href":"https:\/\/fierdetrecommissaire.com\/index.php\/wp-json\/wp\/v2\/comments?post=66"}],"version-history":[{"count":30,"href":"https:\/\/fierdetrecommissaire.com\/index.php\/wp-json\/wp\/v2\/pages\/66\/revisions"}],"predecessor-version":[{"id":680,"href":"https:\/\/fierdetrecommissaire.com\/index.php\/wp-json\/wp\/v2\/pages\/66\/revisions\/680"}],"wp:attachment":[{"href":"https:\/\/fierdetrecommissaire.com\/index.php\/wp-json\/wp\/v2\/media?parent=66"}],"curies":[{"name":"wp","href":"https:\/\/api.w.org\/{rel}","templated":true}]}}